{"id":3974,"date":"2019-06-19T03:11:59","date_gmt":"2019-06-19T03:11:59","guid":{"rendered":"https:\/\/new.ilyesdental.ro\/servicii\/"},"modified":"2026-03-13T09:16:23","modified_gmt":"2026-03-13T09:16:23","slug":"servicii","status":"publish","type":"page","link":"https:\/\/ilyesdental.ro\/ro\/servicii\/","title":{"rendered":"Servicii"},"content":{"rendered":"<div class=\"wpb-content-wrapper\"><p>[vc_row][vc_column][tm_heading custom_google_font=&#8221;&#8221; align=&#8221;center&#8221; text=&#8221;Servicii stomatologice complete&#8221;][tm_heading tag=&#8221;h4&#8243; custom_google_font=&#8221;&#8221; align=&#8221;center&#8221; text=&#8221;Trat\u0103m fiecare caz pe baza unei evalu\u0103ri medicale corecte \u0219i a unui plan adaptat nevoilor tale.&#8221;][tm_spacer size=&#8221;lg:30&#8243;][\/vc_column][\/vc_row][vc_row equal_height=&#8221;yes&#8221; lg_spacing=&#8221;padding_top:30&#8243;][vc_column width=&#8221;1\/3&#8243;][tm_image image=&#8221;5064&#8243;][tm_spacer size=&#8221;lg:25&#8243;][tm_heading tag=&#8221;h5&#8243; custom_google_font=&#8221;&#8221; text=&#8221;Implantologie&#8221;][vc_wp_text]Implanturile ofer\u0103 un sprijin solid pentru o dantur\u0103 fix\u0103, adaptat\u0103 structurii tale osoase \u0219i nevoilor func\u021bionale.[\/vc_wp_text][tm_spacer size=&#8221;lg:25&#8243;][tm_button align=&#8221;center&#8221; button=&#8221;url:https%3A%2F%2Filyesdental.ro%2Fro%2Fserviciu%2Fimplantologie%2F|title:Implantologie&#8221;][\/vc_column][vc_column width=&#8221;1\/3&#8243;][tm_image image=&#8221;5009&#8243;][tm_spacer size=&#8221;lg:25&#8243;][tm_heading tag=&#8221;h5&#8243; custom_google_font=&#8221;&#8221; text=&#8221;Chirurgie dentar\u0103&#8221;][vc_wp_text]Trat\u0103m problemele care nu mai pot fi am\u00e2nate, cu planificare atent\u0103 \u0219i indica\u021bii clare pentru fiecare etap\u0103.[\/vc_wp_text][tm_spacer size=&#8221;lg:25&#8243;][tm_button align=&#8221;center&#8221; button=&#8221;url:https%3A%2F%2Filyesdental.ro%2Fro%2Fserviciu%2Fchirurgie-dentara%2F|title:Chirurgie%20dentar%C4%83&#8243;][\/vc_column][vc_column width=&#8221;1\/3&#8243;][tm_image image=&#8221;5007&#8243;][tm_spacer size=&#8221;lg:25&#8243;][tm_heading tag=&#8221;h5&#8243; custom_google_font=&#8221;&#8221; text=&#8221;Endodon\u021bie&#8221;][vc_wp_text]Tratamentul de canal corect realizat poate p\u0103stra dintele func\u021bional \u0219i evita extrac\u021biile inutile.[\/vc_wp_text][tm_spacer size=&#8221;lg:25&#8243;][tm_button align=&#8221;center&#8221; button=&#8221;url:https%3A%2F%2Filyesdental.ro%2Fro%2Fserviciu%2Fendodontie-tratament-canal%2F|title:Endodon%C8%9Bie%20%2F%20Tratament%20canal&#8221;][\/vc_column][vc_column][\/vc_column][\/vc_row][vc_section lg_spacing=&#8221;padding_top:30&#8243;][vc_row equal_height=&#8221;yes&#8221;][vc_column width=&#8221;1\/3&#8243;][tm_image image=&#8221;5012&#8243;][tm_spacer size=&#8221;lg:25&#8243;][tm_heading tag=&#8221;h5&#8243; custom_google_font=&#8221;&#8221; text=&#8221;Pedodon\u021bie&#8221;][vc_wp_text]\u00cei ajut\u0103m pe cei mici s\u0103 se obi\u0219nuiasc\u0103 cu medicul dentist prin abordare calm\u0103 \u0219i adaptat\u0103 v\u00e2rstei.[\/vc_wp_text][tm_spacer size=&#8221;lg:25&#8243;][tm_button align=&#8221;center&#8221; button=&#8221;url:https%3A%2F%2Filyesdental.ro%2Fro%2Fserviciu%2Fpedodontie%2F|title:Pedodon%C8%9Bie&#8221;][\/vc_column][vc_column width=&#8221;1\/3&#8243;][tm_image image=&#8221;5013&#8243;][tm_spacer size=&#8221;lg:25&#8243;][tm_heading tag=&#8221;h5&#8243; custom_google_font=&#8221;&#8221; text=&#8221;Parodontologie&#8221;][vc_wp_text]Oprirea evolu\u021biei bolii \u00eencepe cu tratamentul corect. Controlul parodontozei este esen\u021bial pentru p\u0103strarea din\u021bilor \u0219i pentru stabilitatea lucr\u0103rilor protetice.[\/vc_wp_text][tm_spacer size=&#8221;lg:25&#8243;][tm_button align=&#8221;center&#8221; button=&#8221;url:https%3A%2F%2Filyesdental.ro%2Fro%2Fserviciu%2Fparodontologie%2F|title:Parodontologie&#8221;][\/vc_column][vc_column width=&#8221;1\/3&#8243;][tm_image image=&#8221;5014&#8243;][tm_spacer size=&#8221;lg:25&#8243;][tm_heading tag=&#8221;h5&#8243; custom_google_font=&#8221;&#8221; text=&#8221;Ortodon\u021bie&#8221;][vc_wp_text]Alinierea din\u021bilor \u0219i corectarea pozi\u021biei dentare contribuie la igien\u0103 mai bun\u0103, mastica\u021bie corect\u0103 \u0219i distribu\u021bie echilibrat\u0103 a for\u021belor.[\/vc_wp_text][tm_spacer size=&#8221;lg:25&#8243;][tm_button align=&#8221;center&#8221; button=&#8221;url:https%3A%2F%2Filyesdental.ro%2Fro%2Fserviciu%2Faparate-ortodontice%2F|title:Ortodon%C8%9Bie&#8221;][\/vc_column][\/vc_row][\/vc_section][vc_section lg_spacing=&#8221;padding_top:30&#8243;][vc_row equal_height=&#8221;yes&#8221;][vc_column width=&#8221;1\/3&#8243;][tm_image image=&#8221;5011&#8243;][tm_spacer size=&#8221;lg:25&#8243;][tm_heading tag=&#8221;h5&#8243; custom_google_font=&#8221;&#8221; text=&#8221;Estetic\u0103 dentar\u0103&#8221;][vc_wp_text]Tratamentele estetice sunt recomandate doar dup\u0103 evaluarea func\u021bional\u0103 complet\u0103 a danturii.[\/vc_wp_text][tm_spacer size=&#8221;lg:25&#8243;][tm_button align=&#8221;center&#8221; button=&#8221;url:https%3A%2F%2Filyesdental.ro%2Fro%2Fserviciu%2Festetica-dentara%2F|title:Estetic%C4%83%20dentar%C4%83&#8243;][\/vc_column][vc_column width=&#8221;1\/3&#8243;][tm_image image=&#8221;5065&#8243;][tm_spacer size=&#8221;lg:25&#8243;][tm_heading tag=&#8221;h5&#8243; custom_google_font=&#8221;&#8221; text=&#8221;Protetic\u0103&#8221;][vc_wp_text]C\u00e2nd unii din\u021bii lipsesc, solu\u021bia trebuie s\u0103 fie stabil\u0103. Realiz\u0103m lucr\u0103ri protetice fixe \u0219i mobile, adaptate fiec\u0103rui caz clinic \u0219i stil de via\u021b\u0103.[\/vc_wp_text][tm_spacer size=&#8221;lg:25&#8243;][tm_button align=&#8221;center&#8221; button=&#8221;url:https%3A%2F%2Filyesdental.ro%2Fro%2Fserviciu%2Fprotetica-dentara%2F|title:Protetic%C4%83&#8243;][\/vc_column][\/vc_row][vc_row][vc_column][tm_spacer size=&#8221;lg:25&#8243;][\/vc_column][\/vc_row][\/vc_section][vc_row full_width=&#8221;stretch_row&#8221; background_color=&#8221;custom&#8221; custom_background_color=&#8221;#f7f7f7&#8243;][vc_column][tm_spacer size=&#8221;lg:100&#8243;][tm_heading custom_google_font=&#8221;&#8221; align=&#8221;center&#8221; text=&#8221;Serviciile Ily\u00e9s Dental&#8221; font_size=&#8221;sm:36;lg:42&#8243;][tm_spacer size=&#8221;lg:20&#8243;][tm_heading tag=&#8221;div&#8221; custom_google_font=&#8221;&#8221; align=&#8221;center&#8221; text=&#8221;Rec\u00e2\u0219tiga\u021bi-v\u0103 z\u00e2mbetul cu din\u021bi fixi 4 sau 6 implanturi&#8221; font_size=&#8221;lg:17&#8243; max_width=&#8221;630px&#8221;][tm_spacer size=&#8221;lg:60&#8243;][tm_service style=&#8221;grid_classic_06&#8243; gutter=&#8221;30&#8243; row_gutter=&#8221;30&#8243; excerpt_length=&#8221;1&#8243; number=&#8221;50&#8243; orderby=&#8221;title&#8221; order=&#8221;ASC&#8221; filter_enable=&#8221;1&#8243; columns=&#8221;xs:1;sm:2;lg:3&#8243;][tm_spacer size=&#8221;lg:100&#8243;][\/vc_column][\/vc_row][vc_row lg_spacing=&#8221;padding_top:40;padding_bottom:40&#8243;][vc_column][vc_row_inner gutter=&#8221;lg:50&#8243;][vc_column_inner offset=&#8221;vc_col-lg-8&#8243;][tm_heading custom_google_font=&#8221;&#8221; text=&#8221;Programeaz\u0103-te pentru o consulta\u021bie!&#8221; font_size=&#8221;lg:36&#8243;][tm_spacer size=&#8221;sm:20;lg:50&#8243;][tm_contact_form_7 id=&#8221;3998&#8243;][tm_spacer size=&#8221;lg:60&#8243;][\/vc_column_inner][vc_column_inner offset=&#8221;vc_col-lg-4&#8243;][tm_heading custom_google_font=&#8221;&#8221; text=&#8221;Urm\u0103re\u0219te-ne!&#8221; font_size=&#8221;lg:36&#8243;][tm_spacer size=&#8221;sm:20;lg:40&#8243;][tm_social_networks style=&#8221;solid-rounded-icon&#8221; tooltip_enable=&#8221;1&#8243; items=&#8221;%5B%7B%22title%22%3A%22Facebook%22%2C%22link%22%3A%22https%3A%2F%2Fwww.facebook.com%2FIlyesdental%22%2C%22item_custom_color%22%3A%22custom%22%2C%22item_custom_icon_color%22%3A%22%23ffffff%22%2C%22item_custom_icon_hover_color%22%3A%22%233b5999%22%2C%22item_custom_text_color%22%3A%22%23FFFFFF%22%2C%22item_custom_text_hover_color%22%3A%22%23000000%22%2C%22item_custom_background_color%22%3A%22%233b5999%22%2C%22item_custom_background_hover_color%22%3A%22%23ffffff%22%2C%22icon_type%22%3A%22fontawesome5%22%2C%22icon_fontawesome5%22%3A%22fa-brands%20fa-square-facebook%22%7D%2C%7B%22title%22%3A%22Youtube%22%2C%22link%22%3A%22https%3A%2F%2Fwww.youtube.com%2F%40IlyesDental%22%2C%22item_custom_color%22%3A%22custom%22%2C%22item_custom_icon_color%22%3A%22%23ffffff%22%2C%22item_custom_icon_hover_color%22%3A%22%23cd201f%22%2C%22item_custom_text_color%22%3A%22%23FFFFFF%22%2C%22item_custom_text_hover_color%22%3A%22%23000000%22%2C%22item_custom_background_color%22%3A%22%23cd201f%22%2C%22item_custom_background_hover_color%22%3A%22%23ffffff%22%2C%22icon_type%22%3A%22fontawesome5%22%2C%22icon_fontawesome5%22%3A%22fa-brands%20fa-youtube%22%7D%2C%7B%22title%22%3A%22Instagram%22%2C%22link%22%3A%22https%3A%2F%2Fwww.instagram.com%2Filyes_dental%2F%22%2C%22item_custom_color%22%3A%22custom%22%2C%22item_custom_icon_color%22%3A%22%23ffffff%22%2C%22item_custom_icon_hover_color%22%3A%22%23e4405f%22%2C%22item_custom_text_color%22%3A%22%23FFFFFF%22%2C%22item_custom_text_hover_color%22%3A%22%23000000%22%2C%22item_custom_background_color%22%3A%22%23e4405f%22%2C%22item_custom_background_hover_color%22%3A%22%23ffffff%22%2C%22icon_type%22%3A%22fontawesome5%22%2C%22icon_fontawesome5%22%3A%22fa-brands%20fa-instagram%22%7D%5D&#8221;][tm_spacer size=&#8221;lg:70&#8243;][\/vc_column_inner][\/vc_row_inner][\/vc_column][\/vc_row]<\/p>\n<\/div>","protected":false},"excerpt":{"rendered":"<p>[vc_row][vc_column][tm_heading custom_google_font=&#8221;&#8221; align=&#8221;center&#8221; text=&#8221;Servicii stomatologice complete&#8221;][tm_heading tag=&#8221;h4&#8243; custom_google_font=&#8221;&#8221; align=&#8221;center&#8221; text=&#8221;Trat\u0103m fiecare caz pe baza unei evalu\u0103ri medicale corecte \u0219i a unui plan adaptat nevoilor tale.&#8221;][tm_spacer size=&#8221;lg:30&#8243;][\/vc_column][\/vc_row][vc_row equal_height=&#8221;yes&#8221; lg_spacing=&#8221;padding_top:30&#8243;][vc_column width=&#8221;1\/3&#8243;][tm_image image=&#8221;5064&#8243;][tm_spacer size=&#8221;lg:25&#8243;][tm_heading tag=&#8221;h5&#8243; custom_google_font=&#8221;&#8221; text=&#8221;Implantologie&#8221;][vc_wp_text]Implanturile ofer\u0103 un sprijin solid pentru o dantur\u0103 fix\u0103, adaptat\u0103 structurii tale osoase \u0219i nevoilor func\u021bionale.[\/vc_wp_text][tm_spacer size=&#8221;lg:25&#8243;][tm_button align=&#8221;center&#8221; button=&#8221;url:https%3A%2F%2Filyesdental.ro%2Fro%2Fserviciu%2Fimplantologie%2F|title:Implantologie&#8221;][\/vc_column][vc_column width=&#8221;1\/3&#8243;][tm_image image=&#8221;5009&#8243;][tm_spacer size=&#8221;lg:25&#8243;][tm_heading tag=&#8221;h5&#8243; custom_google_font=&#8221;&#8221; text=&#8221;Chirurgie dentar\u0103&#8221;][vc_wp_text]Trat\u0103m problemele care nu mai pot fi am\u00e2nate, cu planificare atent\u0103 \u0219i indica\u021bii clare pentru fiecare etap\u0103.[\/vc_wp_text][tm_spacer size=&#8221;lg:25&#8243;][tm_button align=&#8221;center&#8221; button=&#8221;url:https%3A%2F%2Filyesdental.ro%2Fro%2Fserviciu%2Fchirurgie-dentara%2F|title:Chirurgie%20dentar%C4%83&#8243;][\/vc_column][vc_column width=&#8221;1\/3&#8243;][tm_image image=&#8221;5007&#8243;][tm_spacer size=&#8221;lg:25&#8243;][tm_heading tag=&#8221;h5&#8243; custom_google_font=&#8221;&#8221; text=&#8221;Endodon\u021bie&#8221;][vc_wp_text]Tratamentul de canal corect realizat poate p\u0103stra dintele func\u021bional \u0219i evita extrac\u021biile inutile.[\/vc_wp_text][tm_spacer size=&#8221;lg:25&#8243;][tm_button align=&#8221;center&#8221; button=&#8221;url:https%3A%2F%2Filyesdental.ro%2Fro%2Fserviciu%2Fendodontie-tratament-canal%2F|title:Endodon%C8%9Bie%20%2F%20Tratament%20canal&#8221;][\/vc_column][vc_column][\/vc_column][\/vc_row][vc_section lg_spacing=&#8221;padding_top:30&#8243;][vc_row equal_height=&#8221;yes&#8221;][vc_column width=&#8221;1\/3&#8243;][tm_image image=&#8221;5012&#8243;][tm_spacer size=&#8221;lg:25&#8243;][tm_heading tag=&#8221;h5&#8243; custom_google_font=&#8221;&#8221; text=&#8221;Pedodon\u021bie&#8221;][vc_wp_text]\u00cei ajut\u0103m pe cei mici s\u0103 se obi\u0219nuiasc\u0103 cu medicul dentist prin abordare calm\u0103 \u0219i adaptat\u0103 v\u00e2rstei.[\/vc_wp_text][tm_spacer size=&#8221;lg:25&#8243;][tm_button align=&#8221;center&#8221; button=&#8221;url:https%3A%2F%2Filyesdental.ro%2Fro%2Fserviciu%2Fpedodontie%2F|title:Pedodon%C8%9Bie&#8221;][\/vc_column][vc_column width=&#8221;1\/3&#8243;][tm_image image=&#8221;5013&#8243;][tm_spacer size=&#8221;lg:25&#8243;][tm_heading tag=&#8221;h5&#8243; custom_google_font=&#8221;&#8221; text=&#8221;Parodontologie&#8221;][vc_wp_text]Oprirea evolu\u021biei bolii \u00eencepe cu tratamentul corect. Controlul parodontozei este esen\u021bial pentru p\u0103strarea din\u021bilor \u0219i pentru stabilitatea lucr\u0103rilor protetice.[\/vc_wp_text][tm_spacer size=&#8221;lg:25&#8243;][tm_button align=&#8221;center&#8221; button=&#8221;url:https%3A%2F%2Filyesdental.ro%2Fro%2Fserviciu%2Fparodontologie%2F|title:Parodontologie&#8221;][\/vc_column][vc_column width=&#8221;1\/3&#8243;][tm_image image=&#8221;5014&#8243;][tm_spacer size=&#8221;lg:25&#8243;][tm_heading tag=&#8221;h5&#8243; custom_google_font=&#8221;&#8221; text=&#8221;Ortodon\u021bie&#8221;][vc_wp_text]Alinierea din\u021bilor \u0219i corectarea pozi\u021biei dentare contribuie la igien\u0103 mai bun\u0103, mastica\u021bie corect\u0103 \u0219i distribu\u021bie echilibrat\u0103 a for\u021belor.[\/vc_wp_text][tm_spacer size=&#8221;lg:25&#8243;][tm_button align=&#8221;center&#8221; button=&#8221;url:https%3A%2F%2Filyesdental.ro%2Fro%2Fserviciu%2Faparate-ortodontice%2F|title:Ortodon%C8%9Bie&#8221;][\/vc_column][\/vc_row][\/vc_section][vc_section lg_spacing=&#8221;padding_top:30&#8243;][vc_row equal_height=&#8221;yes&#8221;][vc_column width=&#8221;1\/3&#8243;][tm_image image=&#8221;5011&#8243;][tm_spacer size=&#8221;lg:25&#8243;][tm_heading tag=&#8221;h5&#8243; custom_google_font=&#8221;&#8221; text=&#8221;Estetic\u0103 dentar\u0103&#8221;][vc_wp_text]Tratamentele estetice sunt recomandate doar dup\u0103 evaluarea func\u021bional\u0103 complet\u0103 a danturii.[\/vc_wp_text][tm_spacer size=&#8221;lg:25&#8243;][tm_button align=&#8221;center&#8221; button=&#8221;url:https%3A%2F%2Filyesdental.ro%2Fro%2Fserviciu%2Festetica-dentara%2F|title:Estetic%C4%83%20dentar%C4%83&#8243;][\/vc_column][vc_column width=&#8221;1\/3&#8243;][tm_image image=&#8221;5065&#8243;][tm_spacer size=&#8221;lg:25&#8243;][tm_heading tag=&#8221;h5&#8243; custom_google_font=&#8221;&#8221; text=&#8221;Protetic\u0103&#8221;][vc_wp_text]C\u00e2nd unii din\u021bii lipsesc, solu\u021bia trebuie s\u0103 fie stabil\u0103. Realiz\u0103m lucr\u0103ri protetice fixe \u0219i mobile, adaptate fiec\u0103rui caz clinic \u0219i stil de via\u021b\u0103.[\/vc_wp_text][tm_spacer size=&#8221;lg:25&#8243;][tm_button align=&#8221;center&#8221; button=&#8221;url:https%3A%2F%2Filyesdental.ro%2Fro%2Fserviciu%2Fprotetica-dentara%2F|title:Protetic%C4%83&#8243;][\/vc_column][\/vc_row][vc_row][vc_column][tm_spacer size=&#8221;lg:25&#8243;][\/vc_column][\/vc_row][\/vc_section][vc_row full_width=&#8221;stretch_row&#8221; background_color=&#8221;custom&#8221; custom_background_color=&#8221;#f7f7f7&#8243;][vc_column][tm_spacer size=&#8221;lg:100&#8243;][tm_heading custom_google_font=&#8221;&#8221; align=&#8221;center&#8221; text=&#8221;Serviciile Ily\u00e9s Dental&#8221; font_size=&#8221;sm:36;lg:42&#8243;][tm_spacer size=&#8221;lg:20&#8243;][tm_heading tag=&#8221;div&#8221; custom_google_font=&#8221;&#8221; align=&#8221;center&#8221; text=&#8221;Rec\u00e2\u0219tiga\u021bi-v\u0103 z\u00e2mbetul cu din\u021bi fixi 4 sau 6 implanturi&#8221; font_size=&#8221;lg:17&#8243; max_width=&#8221;630px&#8221;][tm_spacer size=&#8221;lg:60&#8243;][tm_service style=&#8221;grid_classic_06&#8243; gutter=&#8221;30&#8243; row_gutter=&#8221;30&#8243; excerpt_length=&#8221;1&#8243; number=&#8221;50&#8243; orderby=&#8221;title&#8221; order=&#8221;ASC&#8221; filter_enable=&#8221;1&#8243; columns=&#8221;xs:1;sm:2;lg:3&#8243;][tm_spacer size=&#8221;lg:100&#8243;][\/vc_column][\/vc_row][vc_row lg_spacing=&#8221;padding_top:40;padding_bottom:40&#8243;][vc_column][vc_row_inner gutter=&#8221;lg:50&#8243;][vc_column_inner offset=&#8221;vc_col-lg-8&#8243;][tm_heading custom_google_font=&#8221;&#8221; text=&#8221;Programeaz\u0103-te pentru o consulta\u021bie!&#8221; font_size=&#8221;lg:36&#8243;][tm_spacer size=&#8221;sm:20;lg:50&#8243;][tm_contact_form_7 id=&#8221;3998&#8243;][tm_spacer size=&#8221;lg:60&#8243;][\/vc_column_inner][vc_column_inner offset=&#8221;vc_col-lg-4&#8243;][tm_heading custom_google_font=&#8221;&#8221; text=&#8221;Urm\u0103re\u0219te-ne!&#8221; font_size=&#8221;lg:36&#8243;][tm_spacer size=&#8221;sm:20;lg:40&#8243;][tm_social_networks style=&#8221;solid-rounded-icon&#8221; tooltip_enable=&#8221;1&#8243; items=&#8221;%5B%7B%22title%22%3A%22Facebook%22%2C%22link%22%3A%22https%3A%2F%2Fwww.facebook.com%2FIlyesdental%22%2C%22item_custom_color%22%3A%22custom%22%2C%22item_custom_icon_color%22%3A%22%23ffffff%22%2C%22item_custom_icon_hover_color%22%3A%22%233b5999%22%2C%22item_custom_text_color%22%3A%22%23FFFFFF%22%2C%22item_custom_text_hover_color%22%3A%22%23000000%22%2C%22item_custom_background_color%22%3A%22%233b5999%22%2C%22item_custom_background_hover_color%22%3A%22%23ffffff%22%2C%22icon_type%22%3A%22fontawesome5%22%2C%22icon_fontawesome5%22%3A%22fa-brands%20fa-square-facebook%22%7D%2C%7B%22title%22%3A%22Youtube%22%2C%22link%22%3A%22https%3A%2F%2Fwww.youtube.com%2F%40IlyesDental%22%2C%22item_custom_color%22%3A%22custom%22%2C%22item_custom_icon_color%22%3A%22%23ffffff%22%2C%22item_custom_icon_hover_color%22%3A%22%23cd201f%22%2C%22item_custom_text_color%22%3A%22%23FFFFFF%22%2C%22item_custom_text_hover_color%22%3A%22%23000000%22%2C%22item_custom_background_color%22%3A%22%23cd201f%22%2C%22item_custom_background_hover_color%22%3A%22%23ffffff%22%2C%22icon_type%22%3A%22fontawesome5%22%2C%22icon_fontawesome5%22%3A%22fa-brands%20fa-youtube%22%7D%2C%7B%22title%22%3A%22Instagram%22%2C%22link%22%3A%22https%3A%2F%2Fwww.instagram.com%2Filyes_dental%2F%22%2C%22item_custom_color%22%3A%22custom%22%2C%22item_custom_icon_color%22%3A%22%23ffffff%22%2C%22item_custom_icon_hover_color%22%3A%22%23e4405f%22%2C%22item_custom_text_color%22%3A%22%23FFFFFF%22%2C%22item_custom_text_hover_color%22%3A%22%23000000%22%2C%22item_custom_background_color%22%3A%22%23e4405f%22%2C%22item_custom_background_hover_color%22%3A%22%23ffffff%22%2C%22icon_type%22%3A%22fontawesome5%22%2C%22icon_fontawesome5%22%3A%22fa-brands%20fa-instagram%22%7D%5D&#8221;][tm_spacer size=&#8221;lg:70&#8243;][\/vc_column_inner][\/vc_row_inner][\/vc_column][\/vc_row]<\/p>\n","protected":false},"author":1,"featured_media":0,"parent":0,"menu_order":0,"comment_status":"closed","ping_status":"closed","template":"","meta":{"_acf_changed":false,"footnotes":""},"class_list":["post-3974","page","type-page","status-publish","hentry"],"acf":[],"_links":{"self":[{"href":"https:\/\/ilyesdental.ro\/ro\/wp-json\/wp\/v2\/pages\/3974","targetHints":{"allow":["GET"]}}],"collection":[{"href":"https:\/\/ilyesdental.ro\/ro\/wp-json\/wp\/v2\/pages"}],"about":[{"href":"https:\/\/ilyesdental.ro\/ro\/wp-json\/wp\/v2\/types\/page"}],"author":[{"embeddable":true,"href":"https:\/\/ilyesdental.ro\/ro\/wp-json\/wp\/v2\/users\/1"}],"replies":[{"embeddable":true,"href":"https:\/\/ilyesdental.ro\/ro\/wp-json\/wp\/v2\/comments?post=3974"}],"version-history":[{"count":12,"href":"https:\/\/ilyesdental.ro\/ro\/wp-json\/wp\/v2\/pages\/3974\/revisions"}],"predecessor-version":[{"id":5077,"href":"https:\/\/ilyesdental.ro\/ro\/wp-json\/wp\/v2\/pages\/3974\/revisions\/5077"}],"wp:attachment":[{"href":"https:\/\/ilyesdental.ro\/ro\/wp-json\/wp\/v2\/media?parent=3974"}],"curies":[{"name":"wp","href":"https:\/\/api.w.org\/{rel}","templated":true}]}}