{"id":3971,"date":"2019-06-04T02:09:59","date_gmt":"2019-06-04T02:09:59","guid":{"rendered":"https:\/\/new.ilyesdental.ro\/opinii\/"},"modified":"2026-03-07T10:05:54","modified_gmt":"2026-03-07T10:05:54","slug":"testimoniale","status":"publish","type":"page","link":"https:\/\/ilyesdental.ro\/ro\/testimoniale\/","title":{"rendered":"Testimoniale"},"content":{"rendered":"<div class=\"wpb-content-wrapper\"><p>[vc_row][vc_column][tm_heading custom_google_font=&#8221;&#8221; text=&#8221;Ce spun pacien\u021bii despre tratamentele cu din\u021bi fic\u0219i&#8221;][tm_spacer size=&#8221;lg:70&#8243;][\/vc_column][\/vc_row][vc_section][vc_row][vc_column][vc_row_inner][vc_column_inner width=&#8221;1\/2&#8243;][vc_video link=&#8221;https:\/\/youtube.com\/shorts\/Bx0OrpAWRdo?feature=share&#8221; css=&#8221;&#8221;][tm_spacer size=&#8221;lg:15&#8243;][vc_column_text css=&#8221;&#8221;][\/vc_column_text][\/vc_column_inner][vc_column_inner width=&#8221;1\/2&#8243;][vc_video link=&#8221;&#8221; css=&#8221;&#8221;][tm_spacer size=&#8221;lg:15&#8243;][vc_column_text css=&#8221;&#8221;][\/vc_column_text][\/vc_column_inner][\/vc_row_inner][tm_spacer size=&#8221;lg:70&#8243;][\/vc_column][\/vc_row][vc_row disable_element=&#8221;yes&#8221;][vc_column][vc_row_inner][vc_column_inner width=&#8221;1\/2&#8243;][vc_video link=&#8221;&#8221; css=&#8221;&#8221;][vc_column_text css=&#8221;&#8221;]Nume pacient[\/vc_column_text][\/vc_column_inner][vc_column_inner width=&#8221;1\/2&#8243;][vc_video link=&#8221;&#8221; css=&#8221;&#8221;][vc_column_text css=&#8221;&#8221;]Nume pacient[\/vc_column_text][\/vc_column_inner][\/vc_row_inner][tm_spacer size=&#8221;lg:70&#8243;][\/vc_column][\/vc_row][\/vc_section][vc_row full_width=&#8221;stretch_row_content&#8221; overlay_background=&#8221;custom&#8221; overlay_custom_background=&#8221;#F0F4F7&#8243; overlay_opacity=&#8221;80&#8243;][vc_column content_alignment=&#8221;center&#8221;][tm_heading custom_google_font=&#8221;&#8221; align=&#8221;center&#8221; css=&#8221;.vc_custom_1772447475541{margin-top: 40px !important;margin-bottom: 40px !important;}&#8221; text=&#8221;Ce spun pacien\u021bii despre noi?<br \/>\nP\u0103rerile reflect\u0103 experien\u021ba personal\u0103 a pacien\u021bilor care au ales Ily\u00e9s Dental pentru tratamentele lor.&#8221;][tm_gallery gutter=&#8221;30&#8243; row_gutter=&#8221;30&#8243; images=&#8221;4844,4845,4846,4847,4848&#8243; columns=&#8221;xs:1;sm:1;lg:5&#8243;][tm_spacer size=&#8221;lg:25&#8243;][\/vc_column][\/vc_row][vc_section][vc_row full_width=&#8221;stretch_row&#8221; content_placement=&#8221;middle&#8221; overlay_background=&#8221;custom&#8221; overlay_custom_background=&#8221;#396145&#8243; overlay_opacity=&#8221;50&#8243; background_image=&#8221;4047&#8243; el_class=&#8221;fixconsult&#8221; lg_spacing=&#8221;padding_top:30;padding_bottom:30&#8243;][vc_column][tm_spacer size=&#8221;lg:30&#8243;][tm_heading tag=&#8221;h4&#8243; custom_google_font=&#8221;&#8221; align=&#8221;center&#8221; text_color=&#8221;custom&#8221; custom_text_color=&#8221;#FFFFFF&#8221; text=&#8221;Discut\u0103 cu un medic despre solu\u021biile potrivite pentru tine&#8221; css=&#8221;.vc_custom_1772454160188{padding-top: 0px !important;padding-bottom: 40px !important;}&#8221;][tm_heading tag=&#8221;h5&#8243; custom_google_font=&#8221;&#8221; align=&#8221;center&#8221; text_color=&#8221;custom&#8221; custom_text_color=&#8221;#FFFFFF&#8221; text=&#8221;Primul pas \u00eencepe cu o evaluare medical\u0103 clar\u0103 \u0219i o discu\u021bie deschis\u0103 cu medicul.&#8221; css=&#8221;.vc_custom_1772451374137{padding-top: 0px !important;padding-bottom: 40px !important;}&#8221;][tm_contact_form_7 id=&#8221;3997&#8243;][tm_spacer size=&#8221;lg:30&#8243;][\/vc_column][\/vc_row][vc_row full_width=&#8221;stretch_row&#8221; background_color=&#8221;primary&#8221; lg_spacing=&#8221;padding_top:23;padding_bottom:27&#8243;][vc_column][tm_heading custom_google_font=&#8221;&#8221; align=&#8221;center&#8221; text_color=&#8221;custom&#8221; custom_text_color=&#8221;#ffffff&#8221; icon_type=&#8221;fontawesome5&#8243; icon_fontawesome5=&#8221;fal fa-map-marker-alt&#8221; text=&#8221;Unde ne g\u0103se\u0219ti&#8221; font_size=&#8221;lg:26&#8243; icon_font_size=&#8221;lg:36&#8243;][\/vc_column][\/vc_row][vc_row content_placement=&#8221;middle&#8221; lg_spacing=&#8221;padding_top:30;padding_bottom:30&#8243;][vc_column width=&#8221;1\/3&#8243;][tm_heading custom_google_font=&#8221;&#8221; text=&#8221;Contact&#8221;][vc_wp_text]<strong>Telefon:<\/strong><br \/>\n<strong><a href=\"tel:+40747575026\" target=\"_blank\" rel=\"noreferrer noopener\">+40 747 575 026<\/a><\/strong><br \/>\n<strong>Email: info(@)ilyesdental.ro<\/strong><br \/>\n<strong>Adresa: str. Topli\u021ba nr. 62, Miercurea Ciuc<\/strong>[\/vc_wp_text][\/vc_column][vc_column width=&#8221;2\/3&#8243;][vc_column_text css=&#8221;&#8221;]<iframe loading=\"lazy\" style=\"border: 0;\" src=\"https:\/\/www.google.com\/maps\/embed?pb=!1m18!1m12!1m3!1d2752.790591232221!2d25.8030539!3d46.37354260000001!2m3!1f0!2f0!3f0!3m2!1i1024!2i768!4f13.1!3m3!1m2!1s0x474ad5f888f86fd1%3A0x98b4e700867c43cc!2sIly%C3%A9s%20Dental%20%26%20Medical!5e0!3m2!1sen!2sro!4v1769943284689!5m2!1sen!2sro\" width=\"800\" height=\"450\" allowfullscreen=\"allowfullscreen\"><\/iframe>[\/vc_column_text][\/vc_column][\/vc_row][\/vc_section]<\/p>\n<\/div>","protected":false},"excerpt":{"rendered":"<p>[vc_row][vc_column][tm_heading custom_google_font=&#8221;&#8221; text=&#8221;Ce spun pacien\u021bii despre tratamentele cu din\u021bi fic\u0219i&#8221;][tm_spacer size=&#8221;lg:70&#8243;][\/vc_column][\/vc_row][vc_section][vc_row][vc_column][vc_row_inner][vc_column_inner width=&#8221;1\/2&#8243;][vc_video link=&#8221;https:\/\/youtube.com\/shorts\/Bx0OrpAWRdo?feature=share&#8221; css=&#8221;&#8221;][tm_spacer size=&#8221;lg:15&#8243;][vc_column_text css=&#8221;&#8221;][\/vc_column_text][\/vc_column_inner][vc_column_inner width=&#8221;1\/2&#8243;][vc_video link=&#8221;&#8221; css=&#8221;&#8221;][tm_spacer size=&#8221;lg:15&#8243;][vc_column_text css=&#8221;&#8221;][\/vc_column_text][\/vc_column_inner][\/vc_row_inner][tm_spacer size=&#8221;lg:70&#8243;][\/vc_column][\/vc_row][vc_row disable_element=&#8221;yes&#8221;][vc_column][vc_row_inner][vc_column_inner width=&#8221;1\/2&#8243;][vc_video link=&#8221;&#8221; css=&#8221;&#8221;][vc_column_text css=&#8221;&#8221;]Nume pacient[\/vc_column_text][\/vc_column_inner][vc_column_inner width=&#8221;1\/2&#8243;][vc_video link=&#8221;&#8221; css=&#8221;&#8221;][vc_column_text css=&#8221;&#8221;]Nume pacient[\/vc_column_text][\/vc_column_inner][\/vc_row_inner][tm_spacer size=&#8221;lg:70&#8243;][\/vc_column][\/vc_row][\/vc_section][vc_row full_width=&#8221;stretch_row_content&#8221; overlay_background=&#8221;custom&#8221; overlay_custom_background=&#8221;#F0F4F7&#8243; overlay_opacity=&#8221;80&#8243;][vc_column content_alignment=&#8221;center&#8221;][tm_heading custom_google_font=&#8221;&#8221; align=&#8221;center&#8221; css=&#8221;.vc_custom_1772447475541{margin-top: 40px !important;margin-bottom: 40px !important;}&#8221; text=&#8221;Ce spun pacien\u021bii despre noi? P\u0103rerile reflect\u0103 experien\u021ba personal\u0103 a pacien\u021bilor care au ales Ily\u00e9s Dental pentru tratamentele lor.&#8221;][tm_gallery gutter=&#8221;30&#8243; row_gutter=&#8221;30&#8243; images=&#8221;4844,4845,4846,4847,4848&#8243; columns=&#8221;xs:1;sm:1;lg:5&#8243;][tm_spacer size=&#8221;lg:25&#8243;][\/vc_column][\/vc_row][vc_section][vc_row full_width=&#8221;stretch_row&#8221; content_placement=&#8221;middle&#8221; overlay_background=&#8221;custom&#8221; overlay_custom_background=&#8221;#396145&#8243; overlay_opacity=&#8221;50&#8243; background_image=&#8221;4047&#8243; el_class=&#8221;fixconsult&#8221; lg_spacing=&#8221;padding_top:30;padding_bottom:30&#8243;][vc_column][tm_spacer size=&#8221;lg:30&#8243;][tm_heading tag=&#8221;h4&#8243; custom_google_font=&#8221;&#8221; align=&#8221;center&#8221; text_color=&#8221;custom&#8221; custom_text_color=&#8221;#FFFFFF&#8221; text=&#8221;Discut\u0103 cu un medic despre solu\u021biile potrivite pentru tine&#8221; css=&#8221;.vc_custom_1772454160188{padding-top: 0px !important;padding-bottom: 40px !important;}&#8221;][tm_heading tag=&#8221;h5&#8243; custom_google_font=&#8221;&#8221; align=&#8221;center&#8221; text_color=&#8221;custom&#8221; custom_text_color=&#8221;#FFFFFF&#8221; text=&#8221;Primul pas \u00eencepe cu o evaluare medical\u0103 clar\u0103 \u0219i o discu\u021bie deschis\u0103 cu medicul.&#8221; css=&#8221;.vc_custom_1772451374137{padding-top: 0px !important;padding-bottom: 40px !important;}&#8221;][tm_contact_form_7 id=&#8221;3997&#8243;][tm_spacer size=&#8221;lg:30&#8243;][\/vc_column][\/vc_row][vc_row full_width=&#8221;stretch_row&#8221; background_color=&#8221;primary&#8221; lg_spacing=&#8221;padding_top:23;padding_bottom:27&#8243;][vc_column][tm_heading custom_google_font=&#8221;&#8221; align=&#8221;center&#8221; text_color=&#8221;custom&#8221; custom_text_color=&#8221;#ffffff&#8221; icon_type=&#8221;fontawesome5&#8243; icon_fontawesome5=&#8221;fal fa-map-marker-alt&#8221; text=&#8221;Unde ne g\u0103se\u0219ti&#8221; font_size=&#8221;lg:26&#8243; icon_font_size=&#8221;lg:36&#8243;][\/vc_column][\/vc_row][vc_row content_placement=&#8221;middle&#8221; lg_spacing=&#8221;padding_top:30;padding_bottom:30&#8243;][vc_column width=&#8221;1\/3&#8243;][tm_heading custom_google_font=&#8221;&#8221; text=&#8221;Contact&#8221;][vc_wp_text]Telefon: +40 747 575 026 Email: info(@)ilyesdental.ro Adresa: str. Topli\u021ba nr. 62, Miercurea Ciuc[\/vc_wp_text][\/vc_column][vc_column width=&#8221;2\/3&#8243;][vc_column_text css=&#8221;&#8221;][\/vc_column_text][\/vc_column][\/vc_row][\/vc_section]<\/p>\n","protected":false},"author":1,"featured_media":0,"parent":0,"menu_order":0,"comment_status":"closed","ping_status":"closed","template":"","meta":{"_acf_changed":false,"footnotes":""},"class_list":["post-3971","page","type-page","status-publish","hentry"],"acf":[],"_links":{"self":[{"href":"https:\/\/ilyesdental.ro\/ro\/wp-json\/wp\/v2\/pages\/3971","targetHints":{"allow":["GET"]}}],"collection":[{"href":"https:\/\/ilyesdental.ro\/ro\/wp-json\/wp\/v2\/pages"}],"about":[{"href":"https:\/\/ilyesdental.ro\/ro\/wp-json\/wp\/v2\/types\/page"}],"author":[{"embeddable":true,"href":"https:\/\/ilyesdental.ro\/ro\/wp-json\/wp\/v2\/users\/1"}],"replies":[{"embeddable":true,"href":"https:\/\/ilyesdental.ro\/ro\/wp-json\/wp\/v2\/comments?post=3971"}],"version-history":[{"count":18,"href":"https:\/\/ilyesdental.ro\/ro\/wp-json\/wp\/v2\/pages\/3971\/revisions"}],"predecessor-version":[{"id":4877,"href":"https:\/\/ilyesdental.ro\/ro\/wp-json\/wp\/v2\/pages\/3971\/revisions\/4877"}],"wp:attachment":[{"href":"https:\/\/ilyesdental.ro\/ro\/wp-json\/wp\/v2\/media?parent=3971"}],"curies":[{"name":"wp","href":"https:\/\/api.w.org\/{rel}","templated":true}]}}